{"id":603,"date":"2026-03-10T08:18:01","date_gmt":"2026-03-10T08:18:01","guid":{"rendered":"https:\/\/lithoracandel.click\/?post_type=product&#038;p=603"},"modified":"2026-03-10T08:20:15","modified_gmt":"2026-03-10T08:20:15","slug":"kit-full-moon-ritual-2","status":"publish","type":"product","link":"https:\/\/lithoracandel.click\/?product=kit-full-moon-ritual-2","title":{"rendered":"Kit &#8220;Full Moon Ritual&#8221;"},"content":{"rendered":"<p>\u0110\u00fac n\u1ebfn\/x\u00e0 ph\u00f2ng h\u00ecnh m\u1eb7t tr\u0103ng 3D v\u1edbi hi\u1ec7u \u1ee9ng Aurora l\u1ea5p l\u00e1nh. Tr\u1ea3i nghi\u1ec7m DIY huy\u1ec1n b\u00ed v\u00e0 \u0111\u1ed9c \u0111\u00e1o.<\/p>\n<p>Kh\u1ed1i l\u01b0\u1ee3ng 80g<\/p>\n","protected":false},"excerpt":{"rendered":"<p>\u0110\u00fac n\u1ebfn\/x\u00e0 ph\u00f2ng h\u00ecnh m\u1eb7t tr\u0103ng 3D v\u1edbi hi\u1ec7u \u1ee9ng Aurora l\u1ea5p l\u00e1nh. Tr\u1ea3i nghi\u1ec7m DIY huy\u1ec1n b\u00ed v\u00e0 \u0111\u1ed9c \u0111\u00e1o. Kh\u1ed1i l\u01b0\u1ee3ng 80g<\/p>\n","protected":false},"featured_media":528,"comment_status":"open","ping_status":"closed","template":"","meta":[],"product_brand":[],"product_cat":[21],"product_tag":[],"class_list":{"0":"post-603","1":"product","2":"type-product","3":"status-publish","4":"has-post-thumbnail","6":"product_cat-bo-kit-dac-biet-cho-cap-doi-su-kien","8":"first","9":"instock","10":"taxable","11":"shipping-taxable","12":"purchasable","13":"product-type-simple"},"jetpack_sharing_enabled":true,"_links":{"self":[{"href":"https:\/\/lithoracandel.click\/index.php?rest_route=\/wp\/v2\/product\/603","targetHints":{"allow":["GET"]}}],"collection":[{"href":"https:\/\/lithoracandel.click\/index.php?rest_route=\/wp\/v2\/product"}],"about":[{"href":"https:\/\/lithoracandel.click\/index.php?rest_route=\/wp\/v2\/types\/product"}],"replies":[{"embeddable":true,"href":"https:\/\/lithoracandel.click\/index.php?rest_route=%2Fwp%2Fv2%2Fcomments&post=603"}],"wp:featuredmedia":[{"embeddable":true,"href":"https:\/\/lithoracandel.click\/index.php?rest_route=\/wp\/v2\/media\/528"}],"wp:attachment":[{"href":"https:\/\/lithoracandel.click\/index.php?rest_route=%2Fwp%2Fv2%2Fmedia&parent=603"}],"wp:term":[{"taxonomy":"product_brand","embeddable":true,"href":"https:\/\/lithoracandel.click\/index.php?rest_route=%2Fwp%2Fv2%2Fproduct_brand&post=603"},{"taxonomy":"product_cat","embeddable":true,"href":"https:\/\/lithoracandel.click\/index.php?rest_route=%2Fwp%2Fv2%2Fproduct_cat&post=603"},{"taxonomy":"product_tag","embeddable":true,"href":"https:\/\/lithoracandel.click\/index.php?rest_route=%2Fwp%2Fv2%2Fproduct_tag&post=603"}],"curies":[{"name":"wp","href":"https:\/\/api.w.org\/{rel}","templated":true}]}}