{"id":540,"date":"2026-03-10T07:43:25","date_gmt":"2026-03-10T07:43:25","guid":{"rendered":"https:\/\/lithoracandel.click\/?post_type=product&#038;p=540"},"modified":"2026-03-10T08:29:23","modified_gmt":"2026-03-10T08:29:23","slug":"bo-khuon-silicon-3d-hinh-khoi-thach-anh-tu-nhien","status":"publish","type":"product","link":"https:\/\/lithoracandel.click\/?product=bo-khuon-silicon-3d-hinh-khoi-thach-anh-tu-nhien","title":{"rendered":"B\u1ed9 khu\u00f4n silicon 3D \u2013 H\u00ecnh kh\u1ed1i th\u1ea1ch anh t\u1ef1 nhi\u00ean"},"content":{"rendered":"<p>B\u1ed9 khu\u00f4n g\u1ed3m 6 ki\u1ec3u d\u00e1ng th\u1ea1ch anh kh\u00e1c nhau, gi\u00fap t\u1ea1o ra c\u00e1c kh\u1ed1i \u0111\u00e1 qu\u00fd nh\u00e2n t\u1ea1o \u0111\u1eb9p m\u1eaft. Ch\u1ea5t li\u1ec7u silicon m\u1ec1m, <strong data-start=\"323\" data-end=\"337\">b\u1ec1 m\u1eb7t m\u1ecbn<\/strong>, gi\u00fap th\u00e0nh ph\u1ea9m c\u00f3 \u0111\u1ed9 b\u00f3ng v\u00e0 d\u1ec5 l\u1ea5y khu\u00f4n.<\/p>\n<p>Kh\u1ed1i l\u01b0\u1ee3ng: 180.000<\/p>\n<p>&nbsp;<\/p>\n","protected":false},"excerpt":{"rendered":"<p>B\u1ed9 khu\u00f4n g\u1ed3m 6 ki\u1ec3u d\u00e1ng th\u1ea1ch anh kh\u00e1c nhau, gi\u00fap t\u1ea1o ra c\u00e1c kh\u1ed1i \u0111\u00e1 qu\u00fd nh\u00e2n t\u1ea1o \u0111\u1eb9p m\u1eaft. Ch\u1ea5t li\u1ec7u silicon m\u1ec1m, b\u1ec1 m\u1eb7t m\u1ecbn, gi\u00fap th\u00e0nh ph\u1ea9m c\u00f3 \u0111\u1ed9 b\u00f3ng v\u00e0 d\u1ec5 l\u1ea5y khu\u00f4n. Kh\u1ed1i l\u01b0\u1ee3ng: 180.000 &nbsp;<\/p>\n","protected":false},"featured_media":545,"comment_status":"open","ping_status":"closed","template":"","meta":[],"product_brand":[],"product_cat":[22],"product_tag":[],"class_list":{"0":"post-540","1":"product","2":"type-product","3":"status-publish","4":"has-post-thumbnail","6":"product_cat-dung-cu-phu-kien","8":"first","9":"instock","10":"taxable","11":"shipping-taxable","12":"purchasable","13":"product-type-simple"},"jetpack_sharing_enabled":true,"_links":{"self":[{"href":"https:\/\/lithoracandel.click\/index.php?rest_route=\/wp\/v2\/product\/540","targetHints":{"allow":["GET"]}}],"collection":[{"href":"https:\/\/lithoracandel.click\/index.php?rest_route=\/wp\/v2\/product"}],"about":[{"href":"https:\/\/lithoracandel.click\/index.php?rest_route=\/wp\/v2\/types\/product"}],"replies":[{"embeddable":true,"href":"https:\/\/lithoracandel.click\/index.php?rest_route=%2Fwp%2Fv2%2Fcomments&post=540"}],"wp:featuredmedia":[{"embeddable":true,"href":"https:\/\/lithoracandel.click\/index.php?rest_route=\/wp\/v2\/media\/545"}],"wp:attachment":[{"href":"https:\/\/lithoracandel.click\/index.php?rest_route=%2Fwp%2Fv2%2Fmedia&parent=540"}],"wp:term":[{"taxonomy":"product_brand","embeddable":true,"href":"https:\/\/lithoracandel.click\/index.php?rest_route=%2Fwp%2Fv2%2Fproduct_brand&post=540"},{"taxonomy":"product_cat","embeddable":true,"href":"https:\/\/lithoracandel.click\/index.php?rest_route=%2Fwp%2Fv2%2Fproduct_cat&post=540"},{"taxonomy":"product_tag","embeddable":true,"href":"https:\/\/lithoracandel.click\/index.php?rest_route=%2Fwp%2Fv2%2Fproduct_tag&post=540"}],"curies":[{"name":"wp","href":"https:\/\/api.w.org\/{rel}","templated":true}]}}