{"id":534,"date":"2026-03-10T07:34:26","date_gmt":"2026-03-10T07:34:26","guid":{"rendered":"https:\/\/lithoracandel.click\/?post_type=product&#038;p=534"},"modified":"2026-03-10T08:54:55","modified_gmt":"2026-03-10T08:54:55","slug":"kit-xu-nu","status":"publish","type":"product","link":"https:\/\/lithoracandel.click\/?product=kit-xu-nu","title":{"rendered":"Kit X\u1eed N\u1eef"},"content":{"rendered":"<p>\u0110\u00e1 Amazonite xanh thi\u00ean thanh &#8211; M\u00f9i o\u1ea3i h\u01b0\u01a1ng &amp; chanh s\u1ea7n.<\/p>\n<p>Kh\u1ed1i l\u01b0\u1ee3ng: 110g<\/p>\n","protected":false},"excerpt":{"rendered":"<p>\u0110\u00e1 Amazonite xanh thi\u00ean thanh &#8211; M\u00f9i o\u1ea3i h\u01b0\u01a1ng &amp; chanh s\u1ea7n. Kh\u1ed1i l\u01b0\u1ee3ng: 110g<\/p>\n","protected":false},"featured_media":212,"comment_status":"open","ping_status":"closed","template":"","meta":[],"product_brand":[],"product_cat":[19],"product_tag":[],"class_list":{"0":"post-534","1":"product","2":"type-product","3":"status-publish","4":"has-post-thumbnail","6":"product_cat-bo-kit-trai-nghiem","8":"first","9":"instock","10":"taxable","11":"shipping-taxable","12":"purchasable","13":"product-type-simple"},"jetpack_sharing_enabled":true,"_links":{"self":[{"href":"https:\/\/lithoracandel.click\/index.php?rest_route=\/wp\/v2\/product\/534","targetHints":{"allow":["GET"]}}],"collection":[{"href":"https:\/\/lithoracandel.click\/index.php?rest_route=\/wp\/v2\/product"}],"about":[{"href":"https:\/\/lithoracandel.click\/index.php?rest_route=\/wp\/v2\/types\/product"}],"replies":[{"embeddable":true,"href":"https:\/\/lithoracandel.click\/index.php?rest_route=%2Fwp%2Fv2%2Fcomments&post=534"}],"wp:featuredmedia":[{"embeddable":true,"href":"https:\/\/lithoracandel.click\/index.php?rest_route=\/wp\/v2\/media\/212"}],"wp:attachment":[{"href":"https:\/\/lithoracandel.click\/index.php?rest_route=%2Fwp%2Fv2%2Fmedia&parent=534"}],"wp:term":[{"taxonomy":"product_brand","embeddable":true,"href":"https:\/\/lithoracandel.click\/index.php?rest_route=%2Fwp%2Fv2%2Fproduct_brand&post=534"},{"taxonomy":"product_cat","embeddable":true,"href":"https:\/\/lithoracandel.click\/index.php?rest_route=%2Fwp%2Fv2%2Fproduct_cat&post=534"},{"taxonomy":"product_tag","embeddable":true,"href":"https:\/\/lithoracandel.click\/index.php?rest_route=%2Fwp%2Fv2%2Fproduct_tag&post=534"}],"curies":[{"name":"wp","href":"https:\/\/api.w.org\/{rel}","templated":true}]}}