{"id":93,"date":"2026-03-06T14:34:20","date_gmt":"2026-03-06T14:34:20","guid":{"rendered":"https:\/\/lithoracandel.click\/?page_id=93"},"modified":"2026-03-10T09:38:29","modified_gmt":"2026-03-10T09:38:29","slug":"dung-cu-phu-kien","status":"publish","type":"page","link":"https:\/\/lithoracandel.click\/?page_id=93","title":{"rendered":"D\u1ee5ng c\u1ee5 &amp; Ph\u1ee5 ki\u1ec7n"},"content":{"rendered":"\n<div class=\"wp-block-columns is-layout-flex wp-container-core-columns-is-layout-28f84493 wp-block-columns-is-layout-flex\">\n<div class=\"wp-block-column is-layout-flow wp-block-column-is-layout-flow\">\n<figure class=\"wp-block-image size-full\"><img loading=\"lazy\" decoding=\"async\" width=\"335\" height=\"194\" src=\"https:\/\/lithoracandel.click\/wp-content\/uploads\/2026\/03\/Picture18.png\" alt=\"\" class=\"wp-image-289\" style=\"aspect-ratio:16\/9;object-fit:cover\" srcset=\"https:\/\/lithoracandel.click\/wp-content\/uploads\/2026\/03\/Picture18.png 335w, https:\/\/lithoracandel.click\/wp-content\/uploads\/2026\/03\/Picture18-300x174.png 300w\" sizes=\"auto, (max-width: 335px) 100vw, 335px\" \/><\/figure>\n\n\n\n<h2 class=\"wp-block-heading has-x-large-font-size\">B\u1ed9 khu\u00f4n silicon 3D<\/h2>\n\n\n\n<ul class=\"wp-block-list\">\n<li>Gi\u00e1: 180.000<\/li>\n<\/ul>\n\n\n\n<div class=\"wp-block-buttons is-layout-flex wp-block-buttons-is-layout-flex\">\n<div class=\"wp-block-button\"><a class=\"wp-block-button__link wp-element-button\" href=\"https:\/\/lithoracandel.click\/?page_id=242\">\u27a1\ufe0f Xem chi ti\u1ebft<\/a><\/div>\n<\/div>\n<\/div>\n\n\n\n<div class=\"wp-block-column is-layout-flow wp-block-column-is-layout-flow\">\n<figure class=\"wp-block-image size-full\"><img loading=\"lazy\" decoding=\"async\" width=\"328\" height=\"178\" src=\"https:\/\/lithoracandel.click\/wp-content\/uploads\/2026\/03\/Picture19.png\" alt=\"\" class=\"wp-image-290\" style=\"aspect-ratio:16\/9;object-fit:cover\" srcset=\"https:\/\/lithoracandel.click\/wp-content\/uploads\/2026\/03\/Picture19.png 328w, https:\/\/lithoracandel.click\/wp-content\/uploads\/2026\/03\/Picture19-300x163.png 300w\" sizes=\"auto, (max-width: 328px) 100vw, 328px\" \/><\/figure>\n\n\n\n<h4 class=\"wp-block-heading has-x-large-font-size\">Ca r\u00f3t chuy\u00ean d\u1ee5ng ch\u1ecbu nhi\u1ec7t<\/h4>\n\n\n\n<ul class=\"wp-block-list\">\n<li>Gi\u00e1: 100.000<\/li>\n<\/ul>\n\n\n\n<div class=\"wp-block-buttons is-layout-flex wp-block-buttons-is-layout-flex\">\n<div class=\"wp-block-button\"><a class=\"wp-block-button__link wp-element-button\" href=\"https:\/\/lithoracandel.click\/?page_id=244\">\u27a1\ufe0f Xem chi ti\u1ebft<\/a><\/div>\n<\/div>\n<\/div>\n<\/div>\n\n\n\n<div class=\"wp-block-columns is-layout-flex wp-container-core-columns-is-layout-28f84493 wp-block-columns-is-layout-flex\">\n<div class=\"wp-block-column is-layout-flow wp-block-column-is-layout-flow\">\n<figure class=\"wp-block-image size-full\"><img loading=\"lazy\" decoding=\"async\" width=\"306\" height=\"177\" src=\"https:\/\/lithoracandel.click\/wp-content\/uploads\/2026\/03\/Picture20.png\" alt=\"\" class=\"wp-image-292\" style=\"aspect-ratio:16\/9;object-fit:cover\" srcset=\"https:\/\/lithoracandel.click\/wp-content\/uploads\/2026\/03\/Picture20.png 306w, https:\/\/lithoracandel.click\/wp-content\/uploads\/2026\/03\/Picture20-300x174.png 300w\" sizes=\"auto, (max-width: 306px) 100vw, 306px\" \/><\/figure>\n\n\n\n<h2 class=\"wp-block-heading\">M\u00e1y kh\u00f2 mini<\/h2>\n\n\n\n<ul class=\"wp-block-list\">\n<li>Gi\u00e1: 150.000<\/li>\n<\/ul>\n\n\n\n<div class=\"wp-block-buttons is-layout-flex wp-block-buttons-is-layout-flex\">\n<div class=\"wp-block-button\"><a class=\"wp-block-button__link wp-element-button\" href=\"https:\/\/lithoracandel.click\/?page_id=246\">\u27a1\ufe0f Xem chi ti\u1ebft<\/a><\/div>\n<\/div>\n<\/div>\n\n\n\n<div class=\"wp-block-column is-layout-flow wp-block-column-is-layout-flow\">\n<figure class=\"wp-block-image size-full is-resized\"><img loading=\"lazy\" decoding=\"async\" width=\"254\" height=\"175\" src=\"https:\/\/lithoracandel.click\/wp-content\/uploads\/2026\/03\/Picture22.png\" alt=\"\" class=\"wp-image-296\" style=\"aspect-ratio:1.7777777777777777;object-fit:cover;width:298px;height:auto\"\/><\/figure>\n\n\n\n<h2 class=\"wp-block-heading\">H\u1ed9p qu\u00e0 g\u1ed7<\/h2>\n\n\n\n<ul class=\"wp-block-list\">\n<li>Gi\u00e1: 120.000<\/li>\n<\/ul>\n\n\n\n<div class=\"wp-block-buttons is-layout-flex wp-block-buttons-is-layout-flex\">\n<div class=\"wp-block-button\"><a class=\"wp-block-button__link wp-element-button\" href=\"https:\/\/lithoracandel.click\/?page_id=248\">\u27a1\ufe0f Xem chi ti\u1ebft<\/a><\/div>\n<\/div>\n<\/div>\n<\/div>\n\n\n\n<p><\/p>\n","protected":false},"excerpt":{"rendered":"<p>B\u1ed9 khu\u00f4n silicon 3D Ca r\u00f3t chuy\u00ean d\u1ee5ng ch\u1ecbu nhi\u1ec7t M\u00e1y kh\u00f2 mini H\u1ed9p qu\u00e0 g\u1ed7<\/p>\n","protected":false},"author":1,"featured_media":0,"parent":85,"menu_order":0,"comment_status":"open","ping_status":"closed","template":"","meta":{"footnotes":""},"class_list":["post-93","page","type-page","status-publish","hentry"],"jetpack_sharing_enabled":true,"_links":{"self":[{"href":"https:\/\/lithoracandel.click\/index.php?rest_route=\/wp\/v2\/pages\/93","targetHints":{"allow":["GET"]}}],"collection":[{"href":"https:\/\/lithoracandel.click\/index.php?rest_route=\/wp\/v2\/pages"}],"about":[{"href":"https:\/\/lithoracandel.click\/index.php?rest_route=\/wp\/v2\/types\/page"}],"author":[{"embeddable":true,"href":"https:\/\/lithoracandel.click\/index.php?rest_route=\/wp\/v2\/users\/1"}],"replies":[{"embeddable":true,"href":"https:\/\/lithoracandel.click\/index.php?rest_route=%2Fwp%2Fv2%2Fcomments&post=93"}],"version-history":[{"count":10,"href":"https:\/\/lithoracandel.click\/index.php?rest_route=\/wp\/v2\/pages\/93\/revisions"}],"predecessor-version":[{"id":651,"href":"https:\/\/lithoracandel.click\/index.php?rest_route=\/wp\/v2\/pages\/93\/revisions\/651"}],"up":[{"embeddable":true,"href":"https:\/\/lithoracandel.click\/index.php?rest_route=\/wp\/v2\/pages\/85"}],"wp:attachment":[{"href":"https:\/\/lithoracandel.click\/index.php?rest_route=%2Fwp%2Fv2%2Fmedia&parent=93"}],"curies":[{"name":"wp","href":"https:\/\/api.w.org\/{rel}","templated":true}]}}