{"id":87,"date":"2026-03-06T14:30:53","date_gmt":"2026-03-06T14:30:53","guid":{"rendered":"https:\/\/lithoracandel.click\/?page_id=87"},"modified":"2026-03-08T02:31:32","modified_gmt":"2026-03-08T02:31:32","slug":"bo-kit-trai-nghiem","status":"publish","type":"page","link":"https:\/\/lithoracandel.click\/?page_id=87","title":{"rendered":"B\u1ed9 Kit tr\u1ea3i nghi\u1ec7m"},"content":{"rendered":"\n<p>M\u1ed7i b\u1ed9 bao g\u1ed3m ph\u00f4i, m\u00e0u kho\u00e1ng \u0111\u1eb7c tr\u01b0ng, tinh d\u1ea7u theo cung, khu\u00f4n \u0111\u00e1 v\u00e0 m\u00e3 QR Playlist.<br>M\u1ed7i kit \u0111\u01b0\u1ee3c thi\u1ebft k\u1ebf theo n\u0103ng l\u01b0\u1ee3ng c\u1ee7a 12 cung ho\u00e0ng \u0111\u1ea1o, mang l\u1ea1i tr\u1ea3i nghi\u1ec7m m\u00f9i h\u01b0\u01a1ng v\u00e0 c\u1ea3m x\u00fac ri\u00eang bi\u1ec7t.<\/p>\n\n\n\n<div class=\"wp-block-columns is-layout-flex wp-container-core-columns-is-layout-28f84493 wp-block-columns-is-layout-flex\">\n<div class=\"wp-block-column is-layout-flow wp-block-column-is-layout-flow\">\n<figure class=\"wp-block-image size-full\"><img loading=\"lazy\" decoding=\"async\" width=\"334\" height=\"330\" src=\"https:\/\/lithoracandel.click\/wp-content\/uploads\/2026\/03\/z7596532556753_f7b5a9eb429c09dd5dddfcb9c10aff3f.jpg\" alt=\"\" class=\"wp-image-202\" srcset=\"https:\/\/lithoracandel.click\/wp-content\/uploads\/2026\/03\/z7596532556753_f7b5a9eb429c09dd5dddfcb9c10aff3f.jpg 334w, https:\/\/lithoracandel.click\/wp-content\/uploads\/2026\/03\/z7596532556753_f7b5a9eb429c09dd5dddfcb9c10aff3f-100x100.jpg 100w, https:\/\/lithoracandel.click\/wp-content\/uploads\/2026\/03\/z7596532556753_f7b5a9eb429c09dd5dddfcb9c10aff3f-300x296.jpg 300w\" sizes=\"auto, (max-width: 334px) 100vw, 334px\" \/><\/figure>\n\n\n\n<h2 class=\"wp-block-heading has-small-font-size\"><strong>Kit B\u1ea1ch D\u01b0\u01a1ng (Aries)<\/strong><br>Kh\u1ed1i l\u01b0\u1ee3ng: 110g | Gi\u00e1: 289.000\u0111<br><a href=\"https:\/\/lithoracandel.click\/?page_id=117\">\u27a1\ufe0f <strong>Xem chi ti\u1ebft<\/strong><\/a><\/h2>\n<\/div>\n\n\n\n<div class=\"wp-block-column is-layout-flow wp-block-column-is-layout-flow\">\n<figure class=\"wp-block-gallery has-nested-images columns-default is-cropped wp-block-gallery-1 is-layout-flex wp-block-gallery-is-layout-flex\">\n<figure class=\"wp-block-image size-full\"><img loading=\"lazy\" decoding=\"async\" width=\"333\" height=\"336\" data-id=\"201\" src=\"https:\/\/lithoracandel.click\/wp-content\/uploads\/2026\/03\/z7596532610952_042752c40139b028628a605d37954dff-1.jpg\" alt=\"\" class=\"wp-image-201\" srcset=\"https:\/\/lithoracandel.click\/wp-content\/uploads\/2026\/03\/z7596532610952_042752c40139b028628a605d37954dff-1.jpg 333w, https:\/\/lithoracandel.click\/wp-content\/uploads\/2026\/03\/z7596532610952_042752c40139b028628a605d37954dff-1-100x100.jpg 100w, https:\/\/lithoracandel.click\/wp-content\/uploads\/2026\/03\/z7596532610952_042752c40139b028628a605d37954dff-1-297x300.jpg 297w, https:\/\/lithoracandel.click\/wp-content\/uploads\/2026\/03\/z7596532610952_042752c40139b028628a605d37954dff-1-150x150.jpg 150w\" sizes=\"auto, (max-width: 333px) 100vw, 333px\" \/><\/figure>\n<\/figure>\n\n\n\n<h4 class=\"wp-block-heading has-small-font-size\"><strong>Kit Kim Ng\u01b0u (Taurus)<\/strong><br>Kh\u1ed1i l\u01b0\u1ee3ng: 110g | Gi\u00e1: 289.000\u0111<br><a href=\"https:\/\/lithoracandel.click\/?page_id=123\" data-type=\"page\" data-id=\"123\">\u27a1\ufe0f <strong>Xem chi ti\u1ebft<\/strong><\/a><\/h4>\n<\/div>\n\n\n\n<div class=\"wp-block-column is-layout-flow wp-block-column-is-layout-flow\">\n<figure class=\"wp-block-image size-full\"><img loading=\"lazy\" decoding=\"async\" width=\"333\" height=\"336\" src=\"https:\/\/lithoracandel.click\/wp-content\/uploads\/2026\/03\/z7596532590046_e6de219e1a70fe85e7e8e6c56dfb8b00-1.jpg\" alt=\"\" class=\"wp-image-191\" srcset=\"https:\/\/lithoracandel.click\/wp-content\/uploads\/2026\/03\/z7596532590046_e6de219e1a70fe85e7e8e6c56dfb8b00-1.jpg 333w, https:\/\/lithoracandel.click\/wp-content\/uploads\/2026\/03\/z7596532590046_e6de219e1a70fe85e7e8e6c56dfb8b00-1-100x100.jpg 100w, https:\/\/lithoracandel.click\/wp-content\/uploads\/2026\/03\/z7596532590046_e6de219e1a70fe85e7e8e6c56dfb8b00-1-297x300.jpg 297w, https:\/\/lithoracandel.click\/wp-content\/uploads\/2026\/03\/z7596532590046_e6de219e1a70fe85e7e8e6c56dfb8b00-1-150x150.jpg 150w\" sizes=\"auto, (max-width: 333px) 100vw, 333px\" \/><\/figure>\n\n\n\n<h4 class=\"wp-block-heading has-small-font-size\"><strong>Kit Song T\u1eed (Gemini)<\/strong><br>Kh\u1ed1i l\u01b0\u1ee3ng: 110g | Gi\u00e1: 279.000\u0111<br><a href=\"https:\/\/lithoracandel.click\/?page_id=128\" data-type=\"page\" data-id=\"128\">\u27a1\ufe0f <strong>Xem chi ti\u1ebft<\/strong><\/a><\/h4>\n<\/div>\n<\/div>\n\n\n\n<div class=\"wp-block-columns is-layout-flex wp-container-core-columns-is-layout-28f84493 wp-block-columns-is-layout-flex\">\n<div class=\"wp-block-column is-layout-flow wp-block-column-is-layout-flow\">\n<figure class=\"wp-block-image size-full\"><img loading=\"lazy\" decoding=\"async\" width=\"338\" height=\"323\" src=\"https:\/\/lithoracandel.click\/wp-content\/uploads\/2026\/03\/z7596532598382_28aee7312d7466cbb978c93d1209e1f0-1.jpg\" alt=\"\" class=\"wp-image-197\" srcset=\"https:\/\/lithoracandel.click\/wp-content\/uploads\/2026\/03\/z7596532598382_28aee7312d7466cbb978c93d1209e1f0-1.jpg 338w, https:\/\/lithoracandel.click\/wp-content\/uploads\/2026\/03\/z7596532598382_28aee7312d7466cbb978c93d1209e1f0-1-300x287.jpg 300w\" sizes=\"auto, (max-width: 338px) 100vw, 338px\" \/><\/figure>\n\n\n\n<h4 class=\"wp-block-heading has-small-font-size\"><strong>Kit C\u1ef1 Gi\u1ea3i (Cancer)<\/strong><br>Kh\u1ed1i l\u01b0\u1ee3ng: 110g | Gi\u00e1: 299.000\u0111<br><a href=\"https:\/\/lithoracandel.click\/?page_id=131\" data-type=\"page\" data-id=\"131\">\u27a1\ufe0f <strong>Xem chi ti\u1ebft<\/strong><\/a><\/h4>\n<\/div>\n\n\n\n<div class=\"wp-block-column is-layout-flow wp-block-column-is-layout-flow\">\n<figure class=\"wp-block-image size-full\"><img loading=\"lazy\" decoding=\"async\" width=\"330\" height=\"316\" src=\"https:\/\/lithoracandel.click\/wp-content\/uploads\/2026\/03\/z7596532603276_6615f2d175b2d4cead1d93ea052228a2-1.jpg\" alt=\"\" class=\"wp-image-199\" srcset=\"https:\/\/lithoracandel.click\/wp-content\/uploads\/2026\/03\/z7596532603276_6615f2d175b2d4cead1d93ea052228a2-1.jpg 330w, https:\/\/lithoracandel.click\/wp-content\/uploads\/2026\/03\/z7596532603276_6615f2d175b2d4cead1d93ea052228a2-1-300x287.jpg 300w\" sizes=\"auto, (max-width: 330px) 100vw, 330px\" \/><\/figure>\n\n\n\n<h4 class=\"wp-block-heading has-small-font-size\"><strong>Kit S\u01b0 T\u1eed (Leo)<\/strong><br>Kh\u1ed1i l\u01b0\u1ee3ng: 110g | Gi\u00e1: 299.000\u0111<br><a href=\"https:\/\/lithoracandel.click\/?page_id=134\" data-type=\"page\" data-id=\"134\">\u27a1\ufe0f <strong>Xem chi ti\u1ebft<\/strong><\/a><\/h4>\n<\/div>\n\n\n\n<div class=\"wp-block-column is-layout-flow wp-block-column-is-layout-flow\">\n<figure class=\"wp-block-image size-full\"><img loading=\"lazy\" decoding=\"async\" width=\"332\" height=\"318\" src=\"https:\/\/lithoracandel.click\/wp-content\/uploads\/2026\/03\/z7596532624076_22e25e98ead9e1a51882ae86997bb334.jpg\" alt=\"\" class=\"wp-image-212\" srcset=\"https:\/\/lithoracandel.click\/wp-content\/uploads\/2026\/03\/z7596532624076_22e25e98ead9e1a51882ae86997bb334.jpg 332w, https:\/\/lithoracandel.click\/wp-content\/uploads\/2026\/03\/z7596532624076_22e25e98ead9e1a51882ae86997bb334-300x287.jpg 300w\" sizes=\"auto, (max-width: 332px) 100vw, 332px\" \/><\/figure>\n\n\n\n<h4 class=\"wp-block-heading has-small-font-size\"><strong>Kit X\u1eed N\u1eef (Virgo)<\/strong><br>Kh\u1ed1i l\u01b0\u1ee3ng: 110g | Gi\u00e1: 299.000\u0111<br><a href=\"https:\/\/lithoracandel.click\/?page_id=138\" data-type=\"page\" data-id=\"138\">\u27a1\ufe0f <strong>Xem chi ti\u1ebft<\/strong><\/a><\/h4>\n<\/div>\n<\/div>\n\n\n\n<div class=\"wp-block-columns is-layout-flex wp-container-core-columns-is-layout-28f84493 wp-block-columns-is-layout-flex\">\n<div class=\"wp-block-column is-layout-flow wp-block-column-is-layout-flow\">\n<figure class=\"wp-block-image size-full\"><img loading=\"lazy\" decoding=\"async\" width=\"336\" height=\"320\" src=\"https:\/\/lithoracandel.click\/wp-content\/uploads\/2026\/03\/z7596532594991_c370be48d63fac919bb38e4bc43ca3e5-1.jpg\" alt=\"\" class=\"wp-image-195\" srcset=\"https:\/\/lithoracandel.click\/wp-content\/uploads\/2026\/03\/z7596532594991_c370be48d63fac919bb38e4bc43ca3e5-1.jpg 336w, https:\/\/lithoracandel.click\/wp-content\/uploads\/2026\/03\/z7596532594991_c370be48d63fac919bb38e4bc43ca3e5-1-300x286.jpg 300w\" sizes=\"auto, (max-width: 336px) 100vw, 336px\" \/><\/figure>\n\n\n\n<h4 class=\"wp-block-heading has-small-font-size\"><strong>Kit Thi\u00ean B\u00ecnh (Libra)<\/strong><br>Kh\u1ed1i l\u01b0\u1ee3ng: 110g | Gi\u00e1: 289.000\u0111<br><a href=\"https:\/\/lithoracandel.click\/?page_id=141\" data-type=\"page\" data-id=\"141\">\u27a1\ufe0f <strong>Xem chi ti\u1ebft<\/strong><\/a><\/h4>\n<\/div>\n\n\n\n<div class=\"wp-block-column is-layout-flow wp-block-column-is-layout-flow\">\n<figure class=\"wp-block-image size-full\"><img loading=\"lazy\" decoding=\"async\" width=\"330\" height=\"328\" src=\"https:\/\/lithoracandel.click\/wp-content\/uploads\/2026\/03\/z7596532563301_ad4bcdf270810e96490bced30f0b0837.jpg\" alt=\"\" class=\"wp-image-205\" srcset=\"https:\/\/lithoracandel.click\/wp-content\/uploads\/2026\/03\/z7596532563301_ad4bcdf270810e96490bced30f0b0837.jpg 330w, https:\/\/lithoracandel.click\/wp-content\/uploads\/2026\/03\/z7596532563301_ad4bcdf270810e96490bced30f0b0837-100x100.jpg 100w, https:\/\/lithoracandel.click\/wp-content\/uploads\/2026\/03\/z7596532563301_ad4bcdf270810e96490bced30f0b0837-300x298.jpg 300w, https:\/\/lithoracandel.click\/wp-content\/uploads\/2026\/03\/z7596532563301_ad4bcdf270810e96490bced30f0b0837-150x150.jpg 150w\" sizes=\"auto, (max-width: 330px) 100vw, 330px\" \/><\/figure>\n\n\n\n<h4 class=\"wp-block-heading has-small-font-size\"><strong>Kit B\u1ecd C\u1ea1p (Scorpio)<\/strong><br>Kh\u1ed1i l\u01b0\u1ee3ng: 110g | Gi\u00e1: 309.000\u0111<br><a href=\"https:\/\/lithoracandel.click\/?page_id=144\" data-type=\"page\" data-id=\"144\">\u27a1\ufe0f <strong>Xem chi ti\u1ebft<\/strong><\/a><strong> <\/strong><\/h4>\n<\/div>\n\n\n\n<div class=\"wp-block-column is-layout-flow wp-block-column-is-layout-flow\">\n<figure class=\"wp-block-image size-full\"><img loading=\"lazy\" decoding=\"async\" width=\"330\" height=\"320\" src=\"https:\/\/lithoracandel.click\/wp-content\/uploads\/2026\/03\/z7596532571040_23b9337bbceb67fc3f658b7cdea0a189-1.jpg\" alt=\"\" class=\"wp-image-211\" srcset=\"https:\/\/lithoracandel.click\/wp-content\/uploads\/2026\/03\/z7596532571040_23b9337bbceb67fc3f658b7cdea0a189-1.jpg 330w, https:\/\/lithoracandel.click\/wp-content\/uploads\/2026\/03\/z7596532571040_23b9337bbceb67fc3f658b7cdea0a189-1-300x291.jpg 300w\" sizes=\"auto, (max-width: 330px) 100vw, 330px\" \/><\/figure>\n\n\n\n<h4 class=\"wp-block-heading has-small-font-size\"><strong>Kit Nh\u00e2n M\u00e3 (Sagittarius)<\/strong><br>Kh\u1ed1i l\u01b0\u1ee3ng: 110g | Gi\u00e1: 289.000\u0111<br><a href=\"https:\/\/lithoracandel.click\/?page_id=147\" data-type=\"page\" data-id=\"147\">\u27a1\ufe0f <strong>Xem chi ti\u1ebft<\/strong><\/a><strong> <\/strong><\/h4>\n<\/div>\n<\/div>\n\n\n\n<div class=\"wp-block-columns is-layout-flex wp-container-core-columns-is-layout-28f84493 wp-block-columns-is-layout-flex\">\n<div class=\"wp-block-column is-layout-flow wp-block-column-is-layout-flow\">\n<figure class=\"wp-block-image size-full\"><img loading=\"lazy\" decoding=\"async\" width=\"338\" height=\"322\" src=\"https:\/\/lithoracandel.click\/wp-content\/uploads\/2026\/03\/z7596532576587_47a99000c05c502293c53933dbd3b2da.jpg\" alt=\"\" class=\"wp-image-208\" srcset=\"https:\/\/lithoracandel.click\/wp-content\/uploads\/2026\/03\/z7596532576587_47a99000c05c502293c53933dbd3b2da.jpg 338w, https:\/\/lithoracandel.click\/wp-content\/uploads\/2026\/03\/z7596532576587_47a99000c05c502293c53933dbd3b2da-300x286.jpg 300w\" sizes=\"auto, (max-width: 338px) 100vw, 338px\" \/><\/figure>\n\n\n\n<h4 class=\"wp-block-heading has-small-font-size\"><strong>Kit Ma K\u1ebft (Capricorn)<\/strong><br>Kh\u1ed1i l\u01b0\u1ee3ng: 110g | Gi\u00e1: 299.000\u0111<br><a href=\"https:\/\/lithoracandel.click\/?page_id=150\" data-type=\"page\" data-id=\"150\">\u27a1\ufe0f <strong>Xem chi ti\u1ebft<\/strong><\/a><\/h4>\n<\/div>\n\n\n\n<div class=\"wp-block-column is-layout-flow wp-block-column-is-layout-flow\">\n<figure class=\"wp-block-image size-full\"><img loading=\"lazy\" decoding=\"async\" width=\"330\" height=\"324\" src=\"https:\/\/lithoracandel.click\/wp-content\/uploads\/2026\/03\/z7596532579585_1db9b9b38b8a2ed7dc5297381238f4f7.jpg\" alt=\"\" class=\"wp-image-207\" srcset=\"https:\/\/lithoracandel.click\/wp-content\/uploads\/2026\/03\/z7596532579585_1db9b9b38b8a2ed7dc5297381238f4f7.jpg 330w, https:\/\/lithoracandel.click\/wp-content\/uploads\/2026\/03\/z7596532579585_1db9b9b38b8a2ed7dc5297381238f4f7-300x295.jpg 300w\" sizes=\"auto, (max-width: 330px) 100vw, 330px\" \/><\/figure>\n\n\n\n<h4 class=\"wp-block-heading has-small-font-size\"><strong>Kit B\u1ea3o B\u00ecnh (Aquarius)<\/strong><br>Kh\u1ed1i l\u01b0\u1ee3ng: 110g | Gi\u00e1: 289.000\u0111<br><a href=\"https:\/\/lithoracandel.click\/?page_id=153\" data-type=\"page\" data-id=\"153\">\u27a1\ufe0f <strong>Xem chi ti\u1ebft<\/strong><\/a><\/h4>\n<\/div>\n\n\n\n<div class=\"wp-block-column is-layout-flow wp-block-column-is-layout-flow\">\n<figure class=\"wp-block-image size-full\"><img loading=\"lazy\" decoding=\"async\" width=\"336\" height=\"315\" src=\"https:\/\/lithoracandel.click\/wp-content\/uploads\/2026\/03\/z7596532583982_7e5b05644329d5261ce1bc1ae880a464-1.jpg\" alt=\"\" class=\"wp-image-193\" srcset=\"https:\/\/lithoracandel.click\/wp-content\/uploads\/2026\/03\/z7596532583982_7e5b05644329d5261ce1bc1ae880a464-1.jpg 336w, https:\/\/lithoracandel.click\/wp-content\/uploads\/2026\/03\/z7596532583982_7e5b05644329d5261ce1bc1ae880a464-1-300x281.jpg 300w\" sizes=\"auto, (max-width: 336px) 100vw, 336px\" \/><\/figure>\n\n\n\n<h4 class=\"wp-block-heading has-small-font-size\"><strong>Kit Song Ng\u01b0 (Pisces)<\/strong><br>Kh\u1ed1i l\u01b0\u1ee3ng: 110g | Gi\u00e1: 289.000\u0111<br><a href=\"https:\/\/lithoracandel.click\/?page_id=156\" data-type=\"page\" data-id=\"156\">\u27a1\ufe0f <strong>Xem chi ti\u1ebft<\/strong><\/a><\/h4>\n<\/div>\n<\/div>\n\n\n\n<p><\/p>\n","protected":false},"excerpt":{"rendered":"<p>M\u1ed7i b\u1ed9 bao g\u1ed3m ph\u00f4i, m\u00e0u kho\u00e1ng \u0111\u1eb7c tr\u01b0ng, tinh d\u1ea7u theo cung, khu\u00f4n \u0111\u00e1 v\u00e0 m\u00e3 QR Playlist.M\u1ed7i kit \u0111\u01b0\u1ee3c thi\u1ebft k\u1ebf theo n\u0103ng l\u01b0\u1ee3ng c\u1ee7a 12 cung ho\u00e0ng \u0111\u1ea1o, mang l\u1ea1i tr\u1ea3i nghi\u1ec7m m\u00f9i h\u01b0\u01a1ng v\u00e0 c\u1ea3m x\u00fac ri\u00eang bi\u1ec7t. Kit B\u1ea1ch D\u01b0\u01a1ng (Aries)Kh\u1ed1i l\u01b0\u1ee3ng: 110g | Gi\u00e1: 289.000\u0111\u27a1\ufe0f Xem chi ti\u1ebft Kit [&hellip;]<\/p>\n","protected":false},"author":1,"featured_media":0,"parent":85,"menu_order":0,"comment_status":"open","ping_status":"closed","template":"","meta":{"footnotes":""},"class_list":["post-87","page","type-page","status-publish","hentry"],"jetpack_sharing_enabled":true,"_links":{"self":[{"href":"https:\/\/lithoracandel.click\/index.php?rest_route=\/wp\/v2\/pages\/87","targetHints":{"allow":["GET"]}}],"collection":[{"href":"https:\/\/lithoracandel.click\/index.php?rest_route=\/wp\/v2\/pages"}],"about":[{"href":"https:\/\/lithoracandel.click\/index.php?rest_route=\/wp\/v2\/types\/page"}],"author":[{"embeddable":true,"href":"https:\/\/lithoracandel.click\/index.php?rest_route=\/wp\/v2\/users\/1"}],"replies":[{"embeddable":true,"href":"https:\/\/lithoracandel.click\/index.php?rest_route=%2Fwp%2Fv2%2Fcomments&post=87"}],"version-history":[{"count":12,"href":"https:\/\/lithoracandel.click\/index.php?rest_route=\/wp\/v2\/pages\/87\/revisions"}],"predecessor-version":[{"id":335,"href":"https:\/\/lithoracandel.click\/index.php?rest_route=\/wp\/v2\/pages\/87\/revisions\/335"}],"up":[{"embeddable":true,"href":"https:\/\/lithoracandel.click\/index.php?rest_route=\/wp\/v2\/pages\/85"}],"wp:attachment":[{"href":"https:\/\/lithoracandel.click\/index.php?rest_route=%2Fwp%2Fv2%2Fmedia&parent=87"}],"curies":[{"name":"wp","href":"https:\/\/api.w.org\/{rel}","templated":true}]}}