{"id":186,"date":"2026-03-07T09:05:34","date_gmt":"2026-03-07T09:05:34","guid":{"rendered":"https:\/\/lithoracandel.click\/?page_id=186"},"modified":"2026-03-08T01:06:24","modified_gmt":"2026-03-08T01:06:24","slug":"lien-he","status":"publish","type":"page","link":"https:\/\/lithoracandel.click\/?page_id=186","title":{"rendered":"Li\u00ean h\u1ec7 Lithora"},"content":{"rendered":"\n<p>N\u1ebfu b\u1ea1n c\u00f3 c\u00e2u h\u1ecfi v\u1ec1 s\u1ea3n ph\u1ea9m ho\u1eb7c c\u1ea7n h\u1ed7 tr\u1ee3, vui l\u00f2ng li\u00ean h\u1ec7 v\u1edbi ch\u00fang t\u00f4i qua th\u00f4ng tin b\u00ean d\u01b0\u1edbi ho\u1eb7c g\u1eedi tin nh\u1eafn tr\u1ef1c ti\u1ebfp. Ch\u00fang t\u00f4i s\u1ebd ph\u1ea3n h\u1ed3i s\u1edbm nh\u1ea5t c\u00f3 th\u1ec3.<\/p>\n\n\n\n<h2 class=\"wp-block-heading\">Th\u00f4ng tin li\u00ean h\u1ec7:     <\/h2>\n\n\n\n<ul class=\"wp-block-list\">\n<li>\ud83d\udccd\u0110\u1ecba ch\u1ec9: 106A \u0110\u1ea1i L\u1ed9 3, Ph\u01b0\u1eddng Ph\u01b0\u1edbc B\u00ecnh, Th\u1ee7 \u0110\u1ee9c, th\u00e0nh ph\u1ed1 H\u1ed3 Ch\u00ed Minh <\/li>\n\n\n\n<li>\ud83d\udcdeHotline: 0867 573 747 <\/li>\n\n\n\n<li>\ud83d\udce7Email: lithoracandel@gmail.com<\/li>\n<\/ul>\n\n\n\n<h2 class=\"wp-block-heading\">B\u1ea3n \u0111\u1ed3 Google Maps:<\/h2>\n\n\n\n<iframe src=\"https:\/\/www.google.com\/maps\/embed?pb=!1m18!1m12!1m3!1d3918.9745241048495!2d106.76944327435727!3d10.813261389337763!2m3!1f0!2f0!3f0!3m2!1i1024!2i768!4f13.1!3m3!1m2!1s0x317526f612a1e419%3A0x7d35904a2b5ab741!2zMTA2YSDEkOG6oWkgTOG7mSAzLCBQaMaw4bubYyBCw6xuaCwgVGjhu6cgxJDhu6ljLCBUaMOgbmggcGjhu5EgSOG7kyBDaMOtIE1pbmgsIFZp4buHdCBOYW0!5e0!3m2!1svi!2s!4v1772897799539!5m2!1svi!2s\" width=\"600\" height=\"450\" style=\"border:0;\" allowfullscreen=\"\" loading=\"lazy\" referrerpolicy=\"no-referrer-when-downgrade\"><\/iframe>\n\n\n\n<h2 class=\"wp-block-heading\">K\u1ebft n\u1ed1i v\u1edbi ch\u00fang t\u00f4i:<\/h2>\n\n\n\n<ul class=\"wp-block-list\">\n<li>Facebook: facebook.com\/lithora<\/li>\n\n\n\n<li>Instagram: instagram.com\/lithora<\/li>\n\n\n\n<li>TikTok: tiktok.com\/@lithora<\/li>\n<\/ul>\n\n\n\n<h2 class=\"wp-block-heading\">Chat v\u1edbi ch\u00fang t\u00f4i:<\/h2>\n\n\n\n<p>B\u1ea1n c\u00f3 th\u1ec3 nh\u1eafn tin tr\u1ef1c ti\u1ebfp cho ch\u00fang t\u00f4i qua Messenger \u0111\u1ec3 \u0111\u01b0\u1ee3c t\u01b0 v\u1ea5n nhanh v\u1ec1 s\u1ea3n ph\u1ea9m. <a href=\"https:\/\/m.me\/lithora\">https:\/\/m.me\/lithora<\/a><\/p>\n\n\n\n<h2 class=\"wp-block-heading\">Ch\u00fang t\u00f4i lu\u00f4n s\u1eb5n s\u00e0ng h\u1ed7 tr\u1ee3 v\u00e0 gi\u1ea3i \u0111\u00e1p m\u1ecdi th\u1eafc m\u1eafc c\u1ee7a b\u1ea1n!<\/h2>\n","protected":false},"excerpt":{"rendered":"<p>N\u1ebfu b\u1ea1n c\u00f3 c\u00e2u h\u1ecfi v\u1ec1 s\u1ea3n ph\u1ea9m ho\u1eb7c c\u1ea7n h\u1ed7 tr\u1ee3, vui l\u00f2ng li\u00ean h\u1ec7 v\u1edbi ch\u00fang t\u00f4i qua th\u00f4ng tin b\u00ean d\u01b0\u1edbi ho\u1eb7c g\u1eedi tin nh\u1eafn tr\u1ef1c ti\u1ebfp. Ch\u00fang t\u00f4i s\u1ebd ph\u1ea3n h\u1ed3i s\u1edbm nh\u1ea5t c\u00f3 th\u1ec3. Th\u00f4ng tin li\u00ean h\u1ec7: B\u1ea3n \u0111\u1ed3 Google Maps: K\u1ebft n\u1ed1i v\u1edbi ch\u00fang t\u00f4i: Chat v\u1edbi ch\u00fang [&hellip;]<\/p>\n","protected":false},"author":1,"featured_media":0,"parent":7,"menu_order":0,"comment_status":"open","ping_status":"closed","template":"","meta":{"footnotes":""},"class_list":["post-186","page","type-page","status-publish","hentry"],"jetpack_sharing_enabled":true,"_links":{"self":[{"href":"https:\/\/lithoracandel.click\/index.php?rest_route=\/wp\/v2\/pages\/186","targetHints":{"allow":["GET"]}}],"collection":[{"href":"https:\/\/lithoracandel.click\/index.php?rest_route=\/wp\/v2\/pages"}],"about":[{"href":"https:\/\/lithoracandel.click\/index.php?rest_route=\/wp\/v2\/types\/page"}],"author":[{"embeddable":true,"href":"https:\/\/lithoracandel.click\/index.php?rest_route=\/wp\/v2\/users\/1"}],"replies":[{"embeddable":true,"href":"https:\/\/lithoracandel.click\/index.php?rest_route=%2Fwp%2Fv2%2Fcomments&post=186"}],"version-history":[{"count":5,"href":"https:\/\/lithoracandel.click\/index.php?rest_route=\/wp\/v2\/pages\/186\/revisions"}],"predecessor-version":[{"id":304,"href":"https:\/\/lithoracandel.click\/index.php?rest_route=\/wp\/v2\/pages\/186\/revisions\/304"}],"up":[{"embeddable":true,"href":"https:\/\/lithoracandel.click\/index.php?rest_route=\/wp\/v2\/pages\/7"}],"wp:attachment":[{"href":"https:\/\/lithoracandel.click\/index.php?rest_route=%2Fwp%2Fv2%2Fmedia&parent=186"}],"curies":[{"name":"wp","href":"https:\/\/api.w.org\/{rel}","templated":true}]}}