{"id":175,"date":"2026-03-07T08:40:50","date_gmt":"2026-03-07T08:40:50","guid":{"rendered":"https:\/\/lithoracandel.click\/?page_id=175"},"modified":"2026-03-08T08:44:30","modified_gmt":"2026-03-08T08:44:30","slug":"chinh-sach","status":"publish","type":"page","link":"https:\/\/lithoracandel.click\/?page_id=175","title":{"rendered":"Ch\u00ednh s\u00e1ch v\u00e0 cam k\u1ebft c\u1ee7a ch\u00fang t\u00f4i"},"content":{"rendered":"\n<p>Ch\u00fang t\u00f4i tin r\u1eb1ng m\u1ed7i b\u1ed9 KIT kh\u00f4ng ch\u1ec9 l\u00e0 m\u1ed9t s\u1ea3n ph\u1ea9m, m\u00e0 l\u00e0 m\u1ed9t tr\u1ea3i nghi\u1ec7m.<\/p>\n\n\n\n<p>V\u00ec v\u1eady ch\u00fang t\u00f4i lu\u00f4n c\u1ed1 g\u1eafng \u0111\u1ea3m b\u1ea3o b\u1ea1n nh\u1eadn \u0111\u01b0\u1ee3c tr\u1ea3i nghi\u1ec7m t\u1ed1t nh\u1ea5t.<\/p>\n\n\n\n<h2 class=\"wp-block-heading\">Ch\u00ednh s\u00e1ch \u201c\u0110\u1ed5i l\u1ea5y n\u1ee5 c\u01b0\u1eddi\u201d<\/h2>\n\n\n\n<p>N\u1ebfu b\u1ed9 KIT g\u1eb7p b\u1ea5t k\u1ef3 v\u1ea5n \u0111\u1ec1 n\u00e0o do v\u1eadn chuy\u1ec3n nh\u01b0:<\/p>\n\n\n\n<ul class=\"wp-block-list\">\n<li class=\"has-medium-font-size\">Khu\u00f4n b\u1ecb v\u1ee1<\/li>\n\n\n\n<li class=\"has-medium-font-size\">Ph\u00f4i s\u00e1p b\u1ecb h\u1ecfng<\/li>\n\n\n\n<li class=\"has-medium-font-size\">M\u00e0u kho\u00e1ng b\u1ecb r\u00f2 r\u1ec9<\/li>\n\n\n\n<li class=\"has-medium-font-size\">Thi\u1ebfu v\u1eadt li\u1ec7u trong h\u1ed9p<\/li>\n<\/ul>\n\n\n\n<p>Ch\u00fang t\u00f4i s\u1ebd g\u1eedi l\u1ea1i b\u1ed9 KIT m\u1edbi ho\u00e0n to\u00e0n mi\u1ec5n ph\u00ed.<\/p>\n\n\n\n<p>Ch\u1ec9 c\u1ea7n li\u00ean h\u1ec7 v\u1edbi ch\u00fang t\u00f4i k\u00e8m theo h\u00ecnh \u1ea3nh s\u1ea3n ph\u1ea9m.<\/p>\n\n\n\n<h2 class=\"wp-block-heading\">H\u1ed7 tr\u1ee3 24\/7<\/h2>\n\n\n\n<p>N\u1ebfu b\u1ea1n g\u1eb7p kh\u00f3 kh\u0103n trong qu\u00e1 tr\u00ecnh t\u1ea1o s\u1ea3n ph\u1ea9m, \u0111\u1ed9i ng\u0169 \u201cHealer\u201d c\u1ee7a ch\u00fang t\u00f4i lu\u00f4n s\u1eb5n s\u00e0ng h\u1ed7 tr\u1ee3.<\/p>\n\n\n\n<ul class=\"wp-block-list\">\n<li class=\"has-medium-font-size\">Nh\u1eafn tin tr\u1ef1c ti\u1ebfp<\/li>\n\n\n\n<li class=\"has-medium-font-size\">G\u1ecdi video h\u01b0\u1edbng d\u1eabn<\/li>\n\n\n\n<li class=\"has-medium-font-size\">Nh\u1eadn t\u01b0 v\u1ea5n c\u00e1ch t\u1ea1o v\u00e2n \u0111\u00e1 \u0111\u1eb9p h\u01a1n<\/li>\n<\/ul>\n\n\n\n<h2 class=\"wp-block-heading\">L\u01b0u \u00fd an to\u00e0n<\/h2>\n\n\n\n<p>\u0110\u1ec3 \u0111\u1ea3m b\u1ea3o tr\u1ea3i nghi\u1ec7m an to\u00e0n v\u00e0 t\u1ed1t nh\u1ea5t, vui l\u00f2ng l\u01b0u \u00fd:<\/p>\n\n\n\n<ul class=\"wp-block-list\">\n<li class=\"has-medium-font-size\">Kh\u00f4ng \u0111un ph\u00f4i s\u00e1p ho\u1eb7c ph\u00f4i x\u00e0 ph\u00f2ng \u1edf nhi\u1ec7t \u0111\u1ed9 qu\u00e1 cao<\/li>\n\n\n\n<li class=\"has-medium-font-size\">Nhi\u1ec7t \u0111\u1ed9 cao c\u00f3 th\u1ec3 l\u00e0m gi\u1ea3m ch\u1ea5t l\u01b0\u1ee3ng m\u00f9i h\u01b0\u01a1ng<\/li>\n<\/ul>\n\n\n\n<h2 class=\"wp-block-heading\">V\u1ec1 an to\u00e0n tr\u1ebb em<\/h2>\n\n\n\n<p>Tr\u1ebb em c\u00f3 th\u1ec3 tham gia tr\u1ea3i nghi\u1ec7m n\u00e0y, tuy nhi\u00ean n\u00ean c\u00f3 s\u1ef1 gi\u00e1m s\u00e1t c\u1ee7a ng\u01b0\u1eddi l\u1edbn khi th\u1ef1c hi\u1ec7n b\u01b0\u1edbc \u0111un ch\u1ea3y ph\u00f4i.<\/p>\n\n\n\n<h2 class=\"wp-block-heading\">S\u1eed d\u1ee5ng s\u1ea3n ph\u1ea9m<\/h2>\n\n\n\n<p>S\u1ea3n ph\u1ea9m sau khi ho\u00e0n thi\u1ec7n c\u00f3 th\u1ec3 \u0111\u01b0\u1ee3c s\u1eed d\u1ee5ng nh\u01b0:<\/p>\n\n\n\n<ul class=\"wp-block-list\">\n<li>X\u00e0 ph\u00f2ng th\u1ee7 c\u00f4ng<\/li>\n\n\n\n<li>N\u1ebfn th\u01a1m trang tr\u00ed<\/li>\n<\/ul>\n\n\n\n<h2 class=\"wp-block-heading\">M\u1ed9t l\u1eddi nh\u1eafn nh\u1ecf<\/h2>\n\n\n\n<p>Trong m\u1ed9t th\u1ebf gi\u1edbi lu\u00f4n v\u1ed9i v\u00e3, vi\u1ec7c d\u00e0nh ra 60 ph\u00fat \u0111\u1ec3 t\u1ef1 tay t\u1ea1o ra m\u1ed9t th\u1ee9 g\u00ec \u0111\u00f3 c\u00f3 th\u1ec3 tr\u1edf th\u00e0nh m\u1ed9t nghi th\u1ee9c ch\u1eefa l\u00e0nh.<\/p>\n\n\n\n<p>N\u00f3 l\u00e0 hi\u1ec7n th\u00e2n c\u1ee7a s\u1ef1 ki\u00ean nh\u1eabn, m\u00f9i h\u01b0\u01a1ng b\u1ea1n y\u00eau th\u00edch v\u00e0 kho\u1ea3ng th\u1eddi gian b\u1ea1n d\u00e0nh cho ch\u00ednh m\u00ecnh.<\/p>\n\n\n\n<p><\/p>\n\n\n\n<p><\/p>\n","protected":false},"excerpt":{"rendered":"<p>Ch\u00fang t\u00f4i tin r\u1eb1ng m\u1ed7i b\u1ed9 KIT kh\u00f4ng ch\u1ec9 l\u00e0 m\u1ed9t s\u1ea3n ph\u1ea9m, m\u00e0 l\u00e0 m\u1ed9t tr\u1ea3i nghi\u1ec7m. V\u00ec v\u1eady ch\u00fang t\u00f4i lu\u00f4n c\u1ed1 g\u1eafng \u0111\u1ea3m b\u1ea3o b\u1ea1n nh\u1eadn \u0111\u01b0\u1ee3c tr\u1ea3i nghi\u1ec7m t\u1ed1t nh\u1ea5t. Ch\u00ednh s\u00e1ch \u201c\u0110\u1ed5i l\u1ea5y n\u1ee5 c\u01b0\u1eddi\u201d N\u1ebfu b\u1ed9 KIT g\u1eb7p b\u1ea5t k\u1ef3 v\u1ea5n \u0111\u1ec1 n\u00e0o do v\u1eadn chuy\u1ec3n nh\u01b0: Ch\u00fang t\u00f4i [&hellip;]<\/p>\n","protected":false},"author":1,"featured_media":0,"parent":7,"menu_order":0,"comment_status":"open","ping_status":"closed","template":"","meta":{"footnotes":""},"class_list":["post-175","page","type-page","status-publish","hentry"],"jetpack_sharing_enabled":true,"_links":{"self":[{"href":"https:\/\/lithoracandel.click\/index.php?rest_route=\/wp\/v2\/pages\/175","targetHints":{"allow":["GET"]}}],"collection":[{"href":"https:\/\/lithoracandel.click\/index.php?rest_route=\/wp\/v2\/pages"}],"about":[{"href":"https:\/\/lithoracandel.click\/index.php?rest_route=\/wp\/v2\/types\/page"}],"author":[{"embeddable":true,"href":"https:\/\/lithoracandel.click\/index.php?rest_route=\/wp\/v2\/users\/1"}],"replies":[{"embeddable":true,"href":"https:\/\/lithoracandel.click\/index.php?rest_route=%2Fwp%2Fv2%2Fcomments&post=175"}],"version-history":[{"count":3,"href":"https:\/\/lithoracandel.click\/index.php?rest_route=\/wp\/v2\/pages\/175\/revisions"}],"predecessor-version":[{"id":495,"href":"https:\/\/lithoracandel.click\/index.php?rest_route=\/wp\/v2\/pages\/175\/revisions\/495"}],"up":[{"embeddable":true,"href":"https:\/\/lithoracandel.click\/index.php?rest_route=\/wp\/v2\/pages\/7"}],"wp:attachment":[{"href":"https:\/\/lithoracandel.click\/index.php?rest_route=%2Fwp%2Fv2%2Fmedia&parent=175"}],"curies":[{"name":"wp","href":"https:\/\/api.w.org\/{rel}","templated":true}]}}